{"id":212183,"date":"2024-03-04T18:29:08","date_gmt":"2024-03-04T23:29:08","guid":{"rendered":"http:\/\/escueladepadres.co\/?page_id=212183"},"modified":"2024-03-06T22:22:31","modified_gmt":"2024-03-07T03:22:31","slug":"contacto","status":"publish","type":"page","link":"https:\/\/escueladepadres.co\/index.php\/contacto\/","title":{"rendered":"Cont\u00e1ctanos"},"content":{"rendered":"<p><div class=\"et_d4_element et_pb_section et_pb_section_0 et_animated et_pb_with_background  et_pb_css_mix_blend_mode et_pb_fullwidth_section et_section_regular section_has_divider et_pb_bottom_divider et_block_section\" >\n\t\t\t\t\n\t\t\t\t\n\t\t\t\t\n\t\t\t\t\n\t\t\t\t\n\t\t\t\t\n\t\t\t\t<section class=\"et_pb_module et_d4_element et_pb_fullwidth_header et_pb_fullwidth_header_0  et_pb_css_mix_blend_mode et_pb_text_align_center et_pb_bg_layout_dark\">\n\t\t\t\t\n\t\t\t\t\n\t\t\t\t\n\t\t\t\t\n\t\t\t\t<div class=\"et_pb_fullwidth_header_container center\">\n\t\t\t\t\t<div class=\"header-content-container center\">\n\t\t\t\t\t<div class=\"header-content\">\n\t\t\t\t\t\t\n\t\t\t\t\t\t<h1 class=\"et_pb_module_header\">Cont\u00e1ctanos ahora !<\/h1>\n\t\t\t\t\t\t\n\t\t\t\t\t\t<div class=\"et_pb_header_content_wrapper\"><p>Si tienes una pregunta o alguna dificultad, estamos atentos a ayudarte.<\/p><\/div>\n\t\t\t\t\t\t\n\t\t\t\t\t<\/div>\n\t\t\t\t<\/div>\n\t\t\t\t\t\n\t\t\t\t<\/div>\n\t\t\t\t<div class=\"et_pb_fullwidth_header_overlay\"><\/div>\n\t\t\t\t<div class=\"et_pb_fullwidth_header_scroll\"><\/div>\n\t\t\t<\/section>\n\t\t\t\t\n\t\t\t\t<div class=\"et_pb_bottom_inside_divider et-no-transition\"><\/div>\n\t\t\t<\/div><div class=\"et_d4_element et_pb_section et_pb_section_1  et_pb_css_mix_blend_mode et_section_regular section_has_divider et_pb_bottom_divider et_block_section\" >\n\t\t\t\t\n\t\t\t\t\n\t\t\t\t\n\t\t\t\t\n\t\t\t\t\n\t\t\t\t\n\t\t\t\t<div class=\"et_d4_element et_pb_row et_pb_row_0  et_pb_css_mix_blend_mode et_block_row\">\n\t\t\t\t<div class=\"et_d4_element et_pb_column_2_3 et_pb_column et_pb_column_0  et_pb_css_mix_blend_mode et_block_column\">\n\t\t\t\t\n\t\t\t\t\n\t\t\t\t\n\t\t\t\t\n\t\t\t\t<div class=\"et_pb_module et_d4_element et_pb_text et_pb_text_0 et_animated  et_pb_text_align_left et_pb_bg_layout_light\">\n\t\t\t\t\n\t\t\t\t\n\t\t\t\t\n\t\t\t\t\n\t\t\t\t<div class=\"et_pb_text_inner\"><h2>Env\u00edanos un mensaje<\/h2><\/div>\n\t\t\t<\/div>\n\t\t\t<div id=\"et_pb_contact_form_0\" class=\"et_pb_module et_d4_element et_pb_contact_form_0 et_animated et_pb_contact_form_container clearfix et_block_module\" data-form_unique_num=\"0\" data-form_unique_id=\"\">\n\t\t\t\t\n\t\t\t\t\n\t\t\t\t\n\t\t\t\t\n\t\t\t\t\n\t\t\t\t<div class=\"et-pb-contact-message\"><\/div>\n\t\t\t\t\n\t\t\t\t<div class=\"et_pb_contact\">\n\t\t\t\t\t<form class=\"et_pb_contact_form clearfix\" method=\"post\" action=\"https:\/\/escueladepadres.co\/index.php\/wp-json\/wp\/v2\/pages\/212183\">\n\t\t\t\t\t\t<p class=\"et_d4_element et_pb_contact_field et_pb_contact_field_0 et_pb_contact_field_last\" data-id=\"email\" data-type=\"email\">\n\t\t\t\t\n\t\t\t\t\n\t\t\t\t\n\t\t\t\t\n\t\t\t\t<label for=\"et_pb_contact_email_0\" class=\"et_pb_contact_form_label\">Email<\/label>\n\t\t\t\t<input type=\"text\" id=\"et_pb_contact_email_0\" class=\"input\" value=\"\" name=\"et_pb_contact_email_0\" data-required_mark=\"required\" data-field_type=\"email\" data-original_id=\"email\" placeholder=\"Email\">\n\t\t\t<\/p><p class=\"et_d4_element et_pb_contact_field et_pb_contact_field_1 et_pb_contact_field_half\" data-id=\"full_name\" data-type=\"input\">\n\t\t\t\t\n\t\t\t\t\n\t\t\t\t\n\t\t\t\t\n\t\t\t\t<label for=\"et_pb_contact_full_name_0\" class=\"et_pb_contact_form_label\">Nombre completo<\/label>\n\t\t\t\t<input type=\"text\" id=\"et_pb_contact_full_name_0\" class=\"input\" value=\"\" name=\"et_pb_contact_full_name_0\" data-required_mark=\"required\" data-field_type=\"input\" data-original_id=\"full_name\" placeholder=\"Nombre completo\">\n\t\t\t<\/p><p class=\"et_d4_element et_pb_contact_field et_pb_contact_field_2 et_pb_contact_field_half et_pb_contact_field_last\" data-id=\"phone_number\" data-type=\"input\">\n\t\t\t\t\n\t\t\t\t\n\t\t\t\t\n\t\t\t\t\n\t\t\t\t<label for=\"et_pb_contact_phone_number_0\" class=\"et_pb_contact_form_label\">N\u00famero celular<\/label>\n\t\t\t\t<input type=\"text\" id=\"et_pb_contact_phone_number_0\" class=\"input\" value=\"\" name=\"et_pb_contact_phone_number_0\" data-required_mark=\"required\" data-field_type=\"input\" data-original_id=\"phone_number\" placeholder=\"N\u00famero celular\">\n\t\t\t<\/p><p class=\"et_d4_element et_pb_contact_field et_pb_contact_field_3 et_pb_contact_field_last\" data-id=\"message\" data-type=\"text\">\n\t\t\t\t\n\t\t\t\t\n\t\t\t\t\n\t\t\t\t\n\t\t\t\t<label for=\"et_pb_contact_message_0\" class=\"et_pb_contact_form_label\">Mensaje<\/label>\n\t\t\t\t<textarea name=\"et_pb_contact_message_0\" id=\"et_pb_contact_message_0\" class=\"et_pb_contact_message input\" data-required_mark=\"required\" data-field_type=\"text\" data-original_id=\"message\" placeholder=\"Mensaje\"><\/textarea>\n\t\t\t<\/p>\n\t\t\t\t\t\t<input type=\"hidden\" value=\"et_contact_proccess\" name=\"et_pb_contactform_submit_0\"\/>\n\t\t\t\t\t\t<div class=\"et_contact_bottom_container\">\n\t\t\t\t\t\t\t\n\t\t\t\t\t\t\t<button type=\"submit\" name=\"et_builder_submit_button\" class=\"et_pb_contact_submit et_pb_button\" data-icon=\"&#x24;\">Enviar<\/button>\n\t\t\t\t\t\t<\/div>\n\t\t\t\t\t\t<input type=\"hidden\" id=\"_wpnonce-et-pb-contact-form-submitted-0\" name=\"_wpnonce-et-pb-contact-form-submitted-0\" value=\"1ebb02de64\" \/><input type=\"hidden\" name=\"_wp_http_referer\" value=\"\/index.php\/wp-json\/wp\/v2\/pages\/212183\" \/>\n\t\t\t\t\t<\/form>\n\t\t\t\t<\/div>\n\t\t\t<\/div>\n\t\t\t\n\t\t\t<\/div><div class=\"et_d4_element et_pb_column_1_3 et_pb_column et_pb_column_1  et_pb_css_mix_blend_mode et-last-child et_block_column\">\n\t\t\t\t\n\t\t\t\t\n\t\t\t\t\n\t\t\t\t\n\t\t\t\t<div class=\"et_pb_module et_d4_element et_pb_blurb et_pb_blurb_0  et_pb_text_align_left  et_pb_blurb_position_top et_block_module et_pb_bg_layout_light\">\n\t\t\t\t\n\t\t\t\t\n\t\t\t\t\n\t\t\t\t\n\t\t\t\t<div class=\"et_pb_blurb_content\">\n\t\t\t\t\t<div class=\"et_pb_main_blurb_image et_pb_css_mix_blend_mode\"><span class=\"et_pb_image_wrap et_pb_only_image_mode_wrap\"><img loading=\"lazy\" decoding=\"async\" width=\"408\" height=\"422\" src=\"https:\/\/escueladepadres.co\/wp-content\/uploads\/2024\/03\/call.jpg\" alt=\"\" srcset=\"https:\/\/escueladepadres.co\/wp-content\/uploads\/2024\/03\/call.jpg 408w, https:\/\/escueladepadres.co\/wp-content\/uploads\/2024\/03\/call-290x300.jpg 290w\" sizes=\"(max-width: 408px) 100vw, 408px\" class=\"et-waypoint et_pb_animation_top et_pb_animation_top_tablet et_pb_animation_top_phone wp-image-216160\" \/><\/span><\/div>\n\t\t\t\t\t<div class=\"et_pb_blurb_container\">\n\t\t\t\t\t\t<h4 class=\"et_pb_module_header\"><span>No lo dudes !<\/span><\/h4>\n\t\t\t\t\t\t<div class=\"et_pb_blurb_description\"><p>Si tienes alguna inquietud, nuestro equipo est\u00e1 dispuesto a resolverla.<\/p>\n<p>Escr\u00edbenos ahora !<\/p><\/div>\n\t\t\t\t\t<\/div>\n\t\t\t\t<\/div>\n\t\t\t<\/div>\n\t\t\t<\/div>\n\t\t\t\t\n\t\t\t\t\n\t\t\t\t\n\t\t\t\t\n\t\t\t<\/div><div class=\"et_d4_element et_pb_row et_pb_row_1  et_pb_css_mix_blend_mode et_block_row\">\n\t\t\t\t<div class=\"et_d4_element et_pb_column_4_4 et_pb_column et_pb_column_2  et_pb_css_mix_blend_mode et-last-child et_block_column\">\n\t\t\t\t\n\t\t\t\t\n\t\t\t\t\n\t\t\t\t\n\t\t\t\t<div class=\"et_pb_module et_d4_element et_pb_text et_pb_text_1  et_pb_text_align_center et_pb_bg_layout_light\">\n\t\t\t\t\n\t\t\t\t\n\t\t\t\t\n\t\t\t\t\n\t\t\t\t<div class=\"et_pb_text_inner\"><h2>Preguntas Frecuentes<\/h2><\/div>\n\t\t\t<\/div>\n\t\t\t<\/div>\n\t\t\t\t\n\t\t\t\t\n\t\t\t\t\n\t\t\t\t\n\t\t\t<\/div><div class=\"et_d4_element et_pb_row et_pb_row_2 et_pb_equal_columns et_pb_gutters1  et_pb_css_mix_blend_mode et_block_row\">\n\t\t\t\t<div class=\"et_d4_element et_pb_column_1_3 et_pb_column et_pb_column_3  et_pb_css_mix_blend_mode et_block_column\">\n\t\t\t\t\n\t\t\t\t\n\t\t\t\t\n\t\t\t\t\n\t\t\t\t<div class=\"et_pb_module et_d4_element et_pb_toggle et_pb_toggle_0 et_animated et_pb_toggle_item  et_pb_toggle_close\">\n\t\t\t\t\n\t\t\t\t\n\t\t\t\t\n\t\t\t\t\n\t\t\t\t<h5 class=\"et_pb_toggle_title\">\u00bfC\u00f3mo puedo mantenerme informado sobre nuevas actualizaciones, recursos y eventos relacionados con el programa educativo?<\/h5>\n\t\t\t\t<div class=\"et_pb_toggle_content clearfix\"><p><span>Para mantenerte informado sobre nuevas actualizaciones, recursos y eventos relacionados con el programa, te recomendamos suscribirte a nuestro bolet\u00edn informativo por correo electr\u00f3nico. Tambi\u00e9n puedes seguirnos en nuestras redes sociales y visitar nuestro sitio web regularmente, donde publicamos noticias y actualizaciones importantes.<\/span><\/p><\/div>\n\t\t\t<\/div><div class=\"et_pb_module et_d4_element et_pb_toggle et_pb_toggle_1 et_animated et_pb_toggle_item  et_pb_toggle_close\">\n\t\t\t\t\n\t\t\t\t\n\t\t\t\t\n\t\t\t\t\n\t\t\t\t<h5 class=\"et_pb_toggle_title\"> \u00bfQu\u00e9 recursos adicionales ofrecen para ayudar a los padres que necesitan orientaci\u00f3n adicional o tienen preguntas espec\u00edficas sobre la implementaci\u00f3n del programa en su familia?<\/h5>\n\t\t\t\t<div class=\"et_pb_toggle_content clearfix\"><p><span>Adem\u00e1s de las sesiones del programa, ofrecemos sesiones de orientaci\u00f3n personalizada con nuestros expertos en desarrollo infantil y psicolog\u00eda. Estas sesiones brindan una oportunidad para abordar preguntas espec\u00edficas y recibir orientaci\u00f3n individualizada para aplicar el contenido del programa en tu familia de manera efectiva.<\/span><\/p><\/div>\n\t\t\t<\/div>\n\t\t\t<\/div><div class=\"et_d4_element et_pb_column_1_3 et_pb_column et_pb_column_4  et_pb_css_mix_blend_mode et_block_column\">\n\t\t\t\t\n\t\t\t\t\n\t\t\t\t\n\t\t\t\t\n\t\t\t\t<div class=\"et_pb_module et_d4_element et_pb_toggle et_pb_toggle_2 et_animated et_pb_toggle_item  et_pb_toggle_close\">\n\t\t\t\t\n\t\t\t\t\n\t\t\t\t\n\t\t\t\t\n\t\t\t\t<h5 class=\"et_pb_toggle_title\">\u00bfOfrecen alguna garant\u00eda de satisfacci\u00f3n o reembolso si no estoy satisfecho con el programa educativo?<\/h5>\n\t\t\t\t<div class=\"et_pb_toggle_content clearfix\"><p><span>Estamos seguros de la calidad de nuestro programa educativo, pero si por alguna raz\u00f3n no est\u00e1s completamente satisfecho, ofrecemos una garant\u00eda de devoluci\u00f3n del dinero. Si no quedas satisfecho con el programa dentro de los primeros 30 d\u00edas de tu compra, te reembolsaremos el monto total sin hacer preguntas.<\/span><\/p><\/div>\n\t\t\t<\/div><div class=\"et_pb_module et_d4_element et_pb_toggle et_pb_toggle_3 et_animated et_pb_toggle_item  et_pb_toggle_close\">\n\t\t\t\t\n\t\t\t\t\n\t\t\t\t\n\t\t\t\t\n\t\t\t\t<h5 class=\"et_pb_toggle_title\">\u00bfCu\u00e1l es el proceso para obtener soporte t\u00e9cnico si tengo problemas con el acceso al programa educativo o con su funcionamiento?<\/h5>\n\t\t\t\t<div class=\"et_pb_toggle_content clearfix\"><p><span>Para obtener soporte t\u00e9cnico, puedes contactar a nuestro equipo de atenci\u00f3n al cliente a trav\u00e9s de nuestro correo electr\u00f3nico de soporte t\u00e9cnico o nuestro n\u00famero de atenci\u00f3n al cliente. Nuestro equipo estar\u00e1 disponible para ayudarte de lunes a viernes de 9 a.m. a 6 p.m. y responder\u00e1 tus consultas y resolver\u00e1 tus problemas lo m\u00e1s r\u00e1pido posible.<\/span><\/p><\/div>\n\t\t\t<\/div>\n\t\t\t<\/div><div class=\"et_d4_element et_pb_column_1_3 et_pb_column et_pb_column_5  et_pb_css_mix_blend_mode et-last-child et_block_column\">\n\t\t\t\t\n\t\t\t\t\n\t\t\t\t\n\t\t\t\t\n\t\t\t\t<div class=\"et_pb_module et_d4_element et_pb_toggle et_pb_toggle_4 et_animated et_pb_toggle_item  et_pb_toggle_close\">\n\t\t\t\t\n\t\t\t\t\n\t\t\t\t\n\t\t\t\t\n\t\t\t\t<h5 class=\"et_pb_toggle_title\">\u00bfQu\u00e9 medidas tienen en marcha para garantizar la seguridad y privacidad de los datos personales de los participantes en el programa?<\/h5>\n\t\t\t\t<div class=\"et_pb_toggle_content clearfix\"><p><span>La seguridad y privacidad de tus datos personales son nuestra m\u00e1xima prioridad. Utilizamos medidas de seguridad avanzadas para proteger tus datos y cumplimos con todas las regulaciones de privacidad vigentes. Todos tus datos son tratados de manera confidencial y no se comparten con terceros sin tu consentimiento.<\/span><\/p><\/div>\n\t\t\t<\/div>\n\t\t\t<\/div>\n\t\t\t\t\n\t\t\t\t\n\t\t\t\t\n\t\t\t\t\n\t\t\t<\/div>\n\t\t\t\t\n\t\t\t\t<div class=\"et_pb_bottom_inside_divider et-no-transition\"><\/div>\n\t\t\t<\/div><\/p>\n","protected":false},"excerpt":{"rendered":"","protected":false},"author":1,"featured_media":0,"parent":0,"menu_order":0,"comment_status":"closed","ping_status":"closed","template":"","meta":{"_et_pb_use_builder":"on","_et_pb_old_content":"","_et_gb_content_width":"","footnotes":""},"class_list":["post-212183","page","type-page","status-publish","hentry"],"_links":{"self":[{"href":"https:\/\/escueladepadres.co\/index.php\/wp-json\/wp\/v2\/pages\/212183","targetHints":{"allow":["GET"]}}],"collection":[{"href":"https:\/\/escueladepadres.co\/index.php\/wp-json\/wp\/v2\/pages"}],"about":[{"href":"https:\/\/escueladepadres.co\/index.php\/wp-json\/wp\/v2\/types\/page"}],"author":[{"embeddable":true,"href":"https:\/\/escueladepadres.co\/index.php\/wp-json\/wp\/v2\/users\/1"}],"replies":[{"embeddable":true,"href":"https:\/\/escueladepadres.co\/index.php\/wp-json\/wp\/v2\/comments?post=212183"}],"version-history":[{"count":17,"href":"https:\/\/escueladepadres.co\/index.php\/wp-json\/wp\/v2\/pages\/212183\/revisions"}],"predecessor-version":[{"id":216165,"href":"https:\/\/escueladepadres.co\/index.php\/wp-json\/wp\/v2\/pages\/212183\/revisions\/216165"}],"wp:attachment":[{"href":"https:\/\/escueladepadres.co\/index.php\/wp-json\/wp\/v2\/media?parent=212183"}],"curies":[{"name":"wp","href":"https:\/\/api.w.org\/{rel}","templated":true}]}}